{"id":35,"date":"2021-09-23T03:28:20","date_gmt":"2021-09-23T03:28:20","guid":{"rendered":"https:\/\/demo.casethemes.net\/itfirm\/?page_id=35"},"modified":"2025-05-15T17:39:59","modified_gmt":"2025-05-15T15:39:59","slug":"services","status":"publish","type":"page","link":"https:\/\/benco-trading.com\/index.php\/services\/","title":{"rendered":"Services"},"content":{"rendered":"\t\t<div data-elementor-type=\"wp-page\" data-elementor-id=\"35\" class=\"elementor elementor-35\">\n\t\t\t\t        <section class=\"elementor-section elementor-top-section elementor-element elementor-element-73bb54e elementor-section-full_width elementor-section-stretched elementor-section-height-default elementor-section-height-default ct-header-fixed-none ct-column-none ct-row-scroll-none ct-row-gradient--none ct-container-none\" data-id=\"73bb54e\" data-element_type=\"section\" data-settings=\"{&quot;stretch_section&quot;:&quot;section-stretched&quot;,&quot;background_background&quot;:&quot;classic&quot;}\">\n            \n                        <div class=\"elementor-container elementor-column-gap-no \">\n                    <div class=\"elementor-column elementor-col-50 elementor-top-column elementor-element elementor-element-8fb8ec6 ct-column-none col-offset-none col-color-offset-none\" data-id=\"8fb8ec6\" data-element_type=\"column\">\n        <div class=\"elementor-widget-wrap elementor-element-populated\">\n                    \n        \t\t<div class=\"elementor-element elementor-element-2b9ce88 elementor-widget elementor-widget-ct_case_studies_carousel\" data-id=\"2b9ce88\" data-element_type=\"widget\" data-widget_type=\"ct_case_studies_carousel.default\">\n\t\t\t\t<div class=\"elementor-widget-container\">\n\t\t\t\t\t    <div class=\"ct-case-studies ct-case-studies1 ct-slick-slider\">\r\n        <div class=\"ct-carousel-inner\">\r\n            <div class=\"ct-slick-carousel\" data-arrows=\"\" data-dots=\"true\" data-pauseOnHover=\"\" data-autoplay=\"true\" data-autoplaySpeed=\"15000\" data-infinite=\"true\" data-speed=\"500\" data-colxs=\"1\" data-colsm=\"1\" data-colmd=\"1\" data-collg=\"1\" data-colxl=\"1\" data-dir=\"false\" data-slidesToScroll=\"1\" data-fade=\"true\">\r\n                                        <div class=\"slick-slide\">\r\n                            <div class=\"item--inner \">\r\n                                                                    <div class=\"item--image\"><img fetchpriority=\"high\" decoding=\"async\" class=\"\" src=\"https:\/\/benco-trading.com\/wp-content\/uploads\/2025\/05\/WhatsApp-Image-2025-05-06-at-22.49.43-1-600x600.jpeg\" width=\"600\" height=\"600\" alt=\"WhatsApp Image 2025-05-06 at 22.49.43 (1)\" title=\"WhatsApp Image 2025-05-06 at 22.49.43 (1)\" \/><\/div>\r\n                                                                                                <div class=\"item--holder\">\r\n                                                                        <h3 class=\"item--title\">\r\n                                                                                                                                                                 <\/h3>\r\n                                    <div class=\"item--description\"><\/div>\r\n                                                                    <\/div>\r\n                           <\/div>\r\n                        <\/div>\r\n                                                <\/div>\r\n        <\/div>\r\n    <\/div>\r\n\t\t\t\t<\/div>\n\t\t\t\t<\/div>\n\t\t            <\/div>\n        <\/div>\n                <div class=\"elementor-column elementor-col-50 elementor-top-column elementor-element elementor-element-8337ed9 col-offset-right ct-column-none col-color-offset-none\" data-id=\"8337ed9\" data-element_type=\"column\">\n        <div class=\"elementor-widget-wrap elementor-element-populated\">\n                    \n        \t\t<div class=\"elementor-element elementor-element-357d3ed elementor-widget elementor-widget-spacer\" data-id=\"357d3ed\" data-element_type=\"widget\" data-widget_type=\"spacer.default\">\n\t\t\t\t<div class=\"elementor-widget-container\">\n\t\t\t\t\t\t\t<div class=\"elementor-spacer\">\n\t\t\t<div class=\"elementor-spacer-inner\"><\/div>\n\t\t<\/div>\n\t\t\t\t\t\t<\/div>\n\t\t\t\t<\/div>\n\t\t\t\t<div class=\"elementor-element elementor-element-191519a6 elementor-widget elementor-widget-ct_heading\" data-id=\"191519a6\" data-element_type=\"widget\" data-widget_type=\"ct_heading.default\">\n\t\t\t\t<div class=\"elementor-widget-container\">\n\t\t\t\t\t<div id=\"ct_heading-191519a6\" class=\"ct-heading h-align- item-st-default highlight-style1\">\r\n  <div class=\"ct-heading--inner\"> \r\n    <div class=\"ct-inline-css\"  data-css=\"\r\n                                \">\r\n    <\/div>\r\n      <div class=\"item--text-below\">\r\n      <div class=\"ct-inline-css\"  data-css=\"\r\n        \">\r\n      <\/div>\r\n          <\/div>\r\n  \r\n\t\t\t<div class=\"item--sub-title style-icon-right \" data-wow-delay=\"ms\">\r\n                        <span>\r\n                Decouvrez nos diffrentes  services            <\/span>\r\n                            <svg class=\"svg-right\" xmlns=\"http:\/\/www.w3.org\/2000\/svg\" xmlns:xlink=\"http:\/\/www.w3.org\/1999\/xlink\" width=\"33\" height=\"21\" viewBox=\"0 0 33 21\">\r\n                  <defs>\r\n                    <style>\r\n                      .h-cls-1, .h-cls-2 {\r\n                        fill: none;\r\n                        stroke-width: 3px;\r\n                        fill-rule: evenodd;\r\n                      }\r\n\r\n                      .h-cls-1 {\r\n                        filter: url(#filter);\r\n                      }\r\n\r\n                      .h-cls-2 {\r\n                        filter: url(#filter-2);\r\n                      }\r\n                    <\/style>\r\n                    <filter id=\"right-h-filterct_heading-191519a6\" x=\"-0.125\" y=\"-0.094\" width=\"32.406\" height=\"12\" filterUnits=\"userSpaceOnUse\">\r\n                      <feFlood result=\"flood\"\/>\r\n                      <feComposite result=\"composite\" operator=\"in\" in2=\"SourceGraphic\"\/>\r\n                      <feBlend result=\"blend\" in2=\"SourceGraphic\"\/>\r\n                    <\/filter>\r\n                    <filter id=\"right-h-filter-2ct_heading-191519a6\" x=\"-10\" y=\"14.594\" width=\"29.656\" height=\"6.406\" filterUnits=\"userSpaceOnUse\">\r\n                      <feFlood result=\"flood\"\/>\r\n                      <feComposite result=\"composite\" operator=\"in\" in2=\"SourceGraphic\"\/>\r\n                      <feBlend result=\"blend\" in2=\"SourceGraphic\"\/>\r\n                    <\/filter>\r\n\r\n                    <linearGradient id=\"right-h-grad1ct_heading-191519a6\" x1=\"0%\" y1=\"0%\" x2=\"100%\" y2=\"0%\">\r\n                      <stop offset=\"0%\" style=\"stop-color:#006cff;stop-opacity:1\" \/>\r\n                      <stop offset=\"100%\" style=\"stop-color:#1227b8;stop-opacity:1\" \/>\r\n                    <\/linearGradient>\r\n\r\n                  <\/defs>\r\n                  <g>\r\n                    <g style=\"fill: none; filter: url(#right-h-filterct_heading-191519a6)\">\r\n                      <path id=\"right-h-pathct_heading-191519a6\" class=\"h-cls-1\" d=\"M-0.117,8.9H27.036s5.078-3.073,0-6.517\" style=\"stroke: inherit; filter: none;\"\/>\r\n                    <\/g>\r\n                    <use xlink:href=\"#right-h-pathct_heading-191519a6\" style=\"stroke: url(#right-h-grad1ct_heading-191519a6); filter: none; fill: none\"\/>\r\n                    <g style=\"fill: none; filter: url(#right-h-filter-2ct_heading-191519a6)\">\r\n                      <path id=\"right-h-bgct_heading-191519a6\" class=\"h-cls-2\" d=\"M-9.991,14.594H17.352s5.114,3.027,0,6.422\" style=\"stroke: inherit; filter: none;\"\/>\r\n                    <\/g>\r\n                    <use xlink:href=\"#right-h-bgct_heading-191519a6\" style=\"stroke: url(#right-h-grad1ct_heading-191519a6); filter: none; fill: none\"\/>\r\n                  <\/g>\r\n                <\/svg>\r\n                    <\/div>\r\n\t    <h3 class=\"item--title st-default \" data-wow-delay=\"ms\">\r\n        <span class=\"ct-text-inner\">Nos         <cite class=\"ct-text-highlight\">\r\n            services        <\/cite>\r\n        <\/span>    <\/h3>\r\n  <\/div>\r\n<\/div>\r\n\t\t\t\t<\/div>\n\t\t\t\t<\/div>\n\t\t\t\t<div class=\"elementor-element elementor-element-2d2398c elementor-widget elementor-widget-ct_text_editor\" data-id=\"2d2398c\" data-element_type=\"widget\" data-widget_type=\"ct_text_editor.default\">\n\t\t\t\t<div class=\"elementor-widget-container\">\n\t\t\t\t\t<div id=\"ct_text_editor-2d2398c\" class=\"ct-text-editor \" data-wow-delay=\"ms\">\n\t<div class=\"ct-item--inner\">\n\t\t<div class=\"ct-inline-css\"  data-css=\"\n\t        \t\t\t\">\n\n\t    <\/div>\n\t\t<div class=\"ct-text-editor elementor-clearfix\">\n\t\t\t<p><strong data-start=\"191\" data-end=\"213\">BENCO TRADING SARL<\/strong>, forte de plus de 20 ans d\u2019exp\u00e9rience, propose des services sp\u00e9cialis\u00e9s dans des domaines strat\u00e9giques pour le d\u00e9veloppement durable et l\u2019am\u00e9lioration des infrastructures au Niger et dans la sous-r\u00e9gion. Nos \u00e9quipes dynamiques vous accompagnent dans la fourniture, l\u2019installation, la maintenance et la supervision de projets techniques de grande envergure.<\/p>\t\t\n\t\t<\/div>\n\t<\/div>\n<\/div>\t\t\t\t<\/div>\n\t\t\t\t<\/div>\n\t\t\t\t<div class=\"elementor-element elementor-element-03045ef elementor-widget elementor-widget-spacer\" data-id=\"03045ef\" data-element_type=\"widget\" data-widget_type=\"spacer.default\">\n\t\t\t\t<div class=\"elementor-widget-container\">\n\t\t\t\t\t\t\t<div class=\"elementor-spacer\">\n\t\t\t<div class=\"elementor-spacer-inner\"><\/div>\n\t\t<\/div>\n\t\t\t\t\t\t<\/div>\n\t\t\t\t<\/div>\n\t\t            <\/div>\n        <\/div>\n                    <\/div>\n        <\/section>\n                <section class=\"elementor-section elementor-top-section elementor-element elementor-element-4672199d elementor-section-stretched elementor-section-boxed elementor-section-height-default elementor-section-height-default ct-header-fixed-none ct-column-none ct-row-scroll-none ct-row-gradient--none\" data-id=\"4672199d\" data-element_type=\"section\" id=\"section-features\" data-settings=\"{&quot;stretch_section&quot;:&quot;section-stretched&quot;,&quot;background_background&quot;:&quot;classic&quot;}\">\n            \n                        <div class=\"elementor-container elementor-column-gap-extended \">\n                    <div class=\"elementor-column elementor-col-100 elementor-top-column elementor-element elementor-element-19920150 ct-column-none col-offset-none col-color-offset-none\" data-id=\"19920150\" data-element_type=\"column\">\n        <div class=\"elementor-widget-wrap elementor-element-populated\">\n                    \n        \t\t<div class=\"elementor-element elementor-element-1682c24c elementor-widget elementor-widget-ct_heading\" data-id=\"1682c24c\" data-element_type=\"widget\" data-widget_type=\"ct_heading.default\">\n\t\t\t\t<div class=\"elementor-widget-container\">\n\t\t\t\t\t<div id=\"ct_heading-1682c24c\" class=\"ct-heading h-align-center item-st-default highlight-style1\">\r\n  <div class=\"ct-heading--inner\"> \r\n    <div class=\"ct-inline-css\"  data-css=\"\r\n                                \">\r\n    <\/div>\r\n      <div class=\"item--text-below\">\r\n      <div class=\"ct-inline-css\"  data-css=\"\r\n                    #ct_heading-1682c24c.ct-heading .item--text-below {\r\n              background-image: -webkit-gradient(linear, left top, left bottom, from(#4F3DFF), to(#FFFFFF));\r\n              background-image: -webkit-linear-gradient(to bottom, #4F3DFF, #FFFFFF);\r\n              background-image: -moz-linear-gradient(to bottom, #4F3DFF, #FFFFFF);\r\n              background-image: -ms-linear-gradient(to bottom, #4F3DFF, #FFFFFF);\r\n              background-image: -o-linear-gradient(to bottom, #4F3DFF, #FFFFFF);\r\n              background-image: linear-gradient(to bottom, #4F3DFF, #FFFFFF);\r\n              filter: progid:DXImageTransform.Microsoft.gradient(startColorStr='#4F3DFF', endColorStr='#FFFFFF');\r\n            }\r\n        \">\r\n      <\/div>\r\n      Features    <\/div>\r\n  \r\n\t\t\t<div class=\"item--sub-title style-dot-leftright \" data-wow-delay=\"ms\">\r\n                        <span>\r\n                Nos Domaines d\u2019Intervention            <\/span>\r\n                    <\/div>\r\n\t    <h3 class=\"item--title st-default \" data-wow-delay=\"ms\">\r\n        <span class=\"ct-text-inner\">Des solutions techniques <cite> sur mesure pour l\u2019\u00e9lectricit\u00e9, la sant\u00e9,<\/cite> IT<br \/>\nla logistique et le BTP<\/span>    <\/h3>\r\n  <\/div>\r\n<\/div>\r\n\t\t\t\t<\/div>\n\t\t\t\t<\/div>\n\t\t\t\t<div class=\"elementor-element elementor-element-b38bfb6 elementor-widget elementor-widget-ct_text_editor\" data-id=\"b38bfb6\" data-element_type=\"widget\" data-widget_type=\"ct_text_editor.default\">\n\t\t\t\t<div class=\"elementor-widget-container\">\n\t\t\t\t\t<div id=\"ct_text_editor-b38bfb6\" class=\"ct-text-editor \" data-wow-delay=\"ms\">\n\t<div class=\"ct-item--inner\">\n\t\t<div class=\"ct-inline-css\"  data-css=\"\n\t        \t\t\t\">\n\n\t    <\/div>\n\t\t<div class=\"ct-text-editor elementor-clearfix\">\n\t\t\t<p>Depuis plus de 20 ans, BENCO TRADING SARL met son expertise au service de projets ambitieux \u00e0 travers la fourniture d\u2019\u00e9quipements de qualit\u00e9, l\u2019installation, la maintenance et la supervision d\u2019infrastructures strat\u00e9giques<\/p>\t\t\n\t\t<\/div>\n\t<\/div>\n<\/div>\t\t\t\t<\/div>\n\t\t\t\t<\/div>\n\t\t\t\t<div class=\"elementor-element elementor-element-557c053 elementor-widget elementor-widget-spacer\" data-id=\"557c053\" data-element_type=\"widget\" data-widget_type=\"spacer.default\">\n\t\t\t\t<div class=\"elementor-widget-container\">\n\t\t\t\t\t\t\t<div class=\"elementor-spacer\">\n\t\t\t<div class=\"elementor-spacer-inner\"><\/div>\n\t\t<\/div>\n\t\t\t\t\t\t<\/div>\n\t\t\t\t<\/div>\n\t\t        <section class=\"elementor-section elementor-inner-section elementor-element elementor-element-24d18d5f elementor-section-boxed elementor-section-height-default elementor-section-height-default ct-header-fixed-none ct-column-none ct-row-scroll-none ct-row-gradient--none\" data-id=\"24d18d5f\" data-element_type=\"section\">\n            \n                        <div class=\"elementor-container elementor-column-gap-extended \">\n                    <div class=\"elementor-column elementor-col-33 elementor-inner-column elementor-element elementor-element-9dbb143 ct-column-none col-offset-none col-color-offset-none\" data-id=\"9dbb143\" data-element_type=\"column\">\n        <div class=\"elementor-widget-wrap elementor-element-populated\">\n                    \n        \t\t<div class=\"elementor-element elementor-element-5d8b7722 elementor-widget elementor-widget-ct_fancy_box\" data-id=\"5d8b7722\" data-element_type=\"widget\" data-widget_type=\"ct_fancy_box.default\">\n\t\t\t\t<div class=\"elementor-widget-container\">\n\t\t\t\t\t<div id=\"ct_fancy_box-5d8b7722\" class=\"ct-fancy-box ct-fancy-box-layout6 ct--item-deactive wow fadeInUp\" data-wow-delay=\"ms\">\r\n    <div class=\"item--inner item--front\">\r\n                    <div class=\"item--icon\">\r\n                <i aria-hidden=\"true\" class=\"flaticon flaticon-sketch\"><\/i>            <\/div>\r\n                        <h4 class=\"item--title\">\r\n            Solutions Biom\u00e9dicales        <\/h4>\r\n                    <div class=\"item--button\">\r\n                <a href=\"https:\/\/benco-trading.com\/service\/security-compliance\/\" class=\"icon-psb\"><i class=\"flaticon-arrow-point-to-right\"><\/i><\/a>\r\n            <\/div>\r\n            <\/div>\r\n    <div class=\"item--inner item--back\">\r\n                    <div class=\"item--icon\">\r\n                <i aria-hidden=\"true\" class=\"flaticon flaticon-sketch\"><\/i>            <\/div>\r\n                        <h4 class=\"item--title\">\r\n            Solutions Biom\u00e9dicales        <\/h4>\r\n        <div class=\"item--description\">Nous fournissons et installons des \u00e9quipements m\u00e9dicaux de pointe (imagerie, blocs op\u00e9ratoires, laboratoires) pour renforcer les capacit\u00e9s des \u00e9tablissements de sant\u00e9 publics et priv\u00e9s.<\/div>\r\n                    <div class=\"item--button\">\r\n                <a href=\"https:\/\/benco-trading.com\/service\/security-compliance\/\" class=\"icon-psb\"><i class=\"flaticon-arrow-point-to-right\"><\/i><\/a>\r\n            <\/div>\r\n            <\/div>\r\n<\/div>\t\t\t\t<\/div>\n\t\t\t\t<\/div>\n\t\t            <\/div>\n        <\/div>\n                <div class=\"elementor-column elementor-col-33 elementor-inner-column elementor-element elementor-element-7b876779 ct-column-none col-offset-none col-color-offset-none\" data-id=\"7b876779\" data-element_type=\"column\">\n        <div class=\"elementor-widget-wrap elementor-element-populated\">\n                    \n        \t\t<div class=\"elementor-element elementor-element-1a085519 elementor-widget elementor-widget-ct_fancy_box\" data-id=\"1a085519\" data-element_type=\"widget\" data-widget_type=\"ct_fancy_box.default\">\n\t\t\t\t<div class=\"elementor-widget-container\">\n\t\t\t\t\t<div id=\"ct_fancy_box-1a085519\" class=\"ct-fancy-box ct-fancy-box-layout6 ct--item-active wow fadeInUp\" data-wow-delay=\"40ms\">\r\n    <div class=\"item--inner item--front\">\r\n                    <div class=\"item--icon\">\r\n                <i aria-hidden=\"true\" class=\"flaticon flaticon-business\"><\/i>            <\/div>\r\n                        <h4 class=\"item--title\">\r\n            Projets & Logistique Technique        <\/h4>\r\n                    <div class=\"item--button\">\r\n                <a href=\"https:\/\/benco-trading.com\/service\/it-consulting-planning\/\" class=\"icon-psb\"><i class=\"flaticon-arrow-point-to-right\"><\/i><\/a>\r\n            <\/div>\r\n            <\/div>\r\n    <div class=\"item--inner item--back\">\r\n                    <div class=\"item--icon\">\r\n                <i aria-hidden=\"true\" class=\"flaticon flaticon-business\"><\/i>            <\/div>\r\n                        <h4 class=\"item--title\">\r\n            Projets & Logistique Technique        <\/h4>\r\n        <div class=\"item--description\">Nous assurons la conception, l\u2019ex\u00e9cution et la supervision de projets techniques, ainsi que la logistique et la construction d\u2019infrastructures sp\u00e9cialis\u00e9es.<\/div>\r\n                    <div class=\"item--button\">\r\n                <a href=\"https:\/\/benco-trading.com\/service\/it-consulting-planning\/\" class=\"icon-psb\"><i class=\"flaticon-arrow-point-to-right\"><\/i><\/a>\r\n            <\/div>\r\n            <\/div>\r\n<\/div>\t\t\t\t<\/div>\n\t\t\t\t<\/div>\n\t\t            <\/div>\n        <\/div>\n                <div class=\"elementor-column elementor-col-33 elementor-inner-column elementor-element elementor-element-18e24f1a ct-column-none col-offset-none col-color-offset-none\" data-id=\"18e24f1a\" data-element_type=\"column\">\n        <div class=\"elementor-widget-wrap elementor-element-populated\">\n                    \n        \t\t<div class=\"elementor-element elementor-element-26fbdd02 elementor-widget elementor-widget-ct_fancy_box\" data-id=\"26fbdd02\" data-element_type=\"widget\" data-widget_type=\"ct_fancy_box.default\">\n\t\t\t\t<div class=\"elementor-widget-container\">\n\t\t\t\t\t<div id=\"ct_fancy_box-26fbdd02\" class=\"ct-fancy-box ct-fancy-box-layout6 ct--item-deactive wow fadeInUp\" data-wow-delay=\"80ms\">\r\n    <div class=\"item--inner item--front\">\r\n                    <div class=\"item--icon\">\r\n                <i aria-hidden=\"true\" class=\"flaticon flaticon-receipt\"><\/i>            <\/div>\r\n                        <h4 class=\"item--title\">\r\n             Solutions \u00c9lectriques        <\/h4>\r\n                    <div class=\"item--button\">\r\n                <a href=\"https:\/\/benco-trading.com\/service\/security-compliance\/\" class=\"icon-psb\"><i class=\"flaticon-arrow-point-to-right\"><\/i><\/a>\r\n            <\/div>\r\n            <\/div>\r\n    <div class=\"item--inner item--back\">\r\n                    <div class=\"item--icon\">\r\n                <i aria-hidden=\"true\" class=\"flaticon flaticon-receipt\"><\/i>            <\/div>\r\n                        <h4 class=\"item--title\">\r\n             Solutions \u00c9lectriques        <\/h4>\r\n        <div class=\"item--description\">Sp\u00e9cialistes de l\u2019\u00e9lectricit\u00e9, nous intervenons dans la fourniture, l\u2019installation et la maintenance de mat\u00e9riels \u00e9lectriques pour les r\u00e9seaux moyenne et haute tension.<\/div>\r\n                    <div class=\"item--button\">\r\n                <a href=\"https:\/\/benco-trading.com\/service\/security-compliance\/\" class=\"icon-psb\"><i class=\"flaticon-arrow-point-to-right\"><\/i><\/a>\r\n            <\/div>\r\n            <\/div>\r\n<\/div>\t\t\t\t<\/div>\n\t\t\t\t<\/div>\n\t\t            <\/div>\n        <\/div>\n                    <\/div>\n        <\/section>\n                    <\/div>\n        <\/div>\n                    <\/div>\n        <\/section>\n        \t\t<\/div>\n\t\t","protected":false},"excerpt":{"rendered":"<p>Decouvrez nos diffrentes services Nos services BENCO TRADING SARL, forte de plus de 20 ans d\u2019exp\u00e9rience, propose des services sp\u00e9cialis\u00e9s dans des domaines strat\u00e9giques pour le d\u00e9veloppement durable et l\u2019am\u00e9lioration des infrastructures au Niger et dans la sous-r\u00e9gion. Nos \u00e9quipes dynamiques vous accompagnent dans la fourniture, l\u2019installation, la maintenance et la supervision de projets techniques [&hellip;]<\/p>\n","protected":false},"author":1,"featured_media":0,"parent":0,"menu_order":0,"comment_status":"closed","ping_status":"closed","template":"","meta":{"footnotes":""},"class_list":["post-35","page","type-page","status-publish","hentry"],"_links":{"self":[{"href":"https:\/\/benco-trading.com\/index.php\/wp-json\/wp\/v2\/pages\/35","targetHints":{"allow":["GET"]}}],"collection":[{"href":"https:\/\/benco-trading.com\/index.php\/wp-json\/wp\/v2\/pages"}],"about":[{"href":"https:\/\/benco-trading.com\/index.php\/wp-json\/wp\/v2\/types\/page"}],"author":[{"embeddable":true,"href":"https:\/\/benco-trading.com\/index.php\/wp-json\/wp\/v2\/users\/1"}],"replies":[{"embeddable":true,"href":"https:\/\/benco-trading.com\/index.php\/wp-json\/wp\/v2\/comments?post=35"}],"version-history":[{"count":27,"href":"https:\/\/benco-trading.com\/index.php\/wp-json\/wp\/v2\/pages\/35\/revisions"}],"predecessor-version":[{"id":10499,"href":"https:\/\/benco-trading.com\/index.php\/wp-json\/wp\/v2\/pages\/35\/revisions\/10499"}],"wp:attachment":[{"href":"https:\/\/benco-trading.com\/index.php\/wp-json\/wp\/v2\/media?parent=35"}],"curies":[{"name":"wp","href":"https:\/\/api.w.org\/{rel}","templated":true}]}}